{"id":25066,"date":"2018-11-19T19:50:38","date_gmt":"2018-11-19T19:50:38","guid":{"rendered":"https:\/\/kivikonsultit.fi\/?page_id=25066"},"modified":"2024-11-05T08:36:50","modified_gmt":"2024-11-05T06:36:50","slug":"home","status":"publish","type":"page","link":"https:\/\/kivikonsultit.fi\/","title":{"rendered":"Home"},"content":{"rendered":"\t\t<div data-elementor-type=\"wp-post\" data-elementor-id=\"25066\" class=\"elementor elementor-25066\">\n\t\t\t\t\t\t<section class=\"elementor-section elementor-top-section elementor-element elementor-element-53d02b5a elementor-section-stretched elementor-section-boxed elementor-section-height-default elementor-section-height-default\" data-id=\"53d02b5a\" data-element_type=\"section\" data-e-type=\"section\" data-settings=\"{&quot;background_background&quot;:&quot;classic&quot;,&quot;stretch_section&quot;:&quot;section-stretched&quot;}\">\n\t\t\t\t\t\t\t<div class=\"elementor-background-overlay\"><\/div>\n\t\t\t\t\t\t\t<div class=\"elementor-container elementor-column-gap-default\">\n\t\t\t\t\t<div class=\"elementor-column elementor-col-100 elementor-top-column elementor-element elementor-element-155c094d\" data-id=\"155c094d\" data-element_type=\"column\" data-e-type=\"column\">\n\t\t\t<div class=\"elementor-widget-wrap elementor-element-populated\">\n\t\t\t\t\t\t<div class=\"elementor-element elementor-element-75de0c89 elementor-widget elementor-widget-image-box\" data-id=\"75de0c89\" data-element_type=\"widget\" data-e-type=\"widget\" data-widget_type=\"image-box.default\">\n\t\t\t\t<div class=\"elementor-widget-container\">\n\t\t\t\t\t<div class=\"elementor-image-box-wrapper\"><div class=\"elementor-image-box-content\"><h1 class=\"elementor-image-box-title\">Kivikonsultit oy<\/h1><\/div><\/div>\t\t\t\t<\/div>\n\t\t\t\t<\/div>\n\t\t\t\t\t<\/div>\n\t\t<\/div>\n\t\t\t\t\t<\/div>\n\t\t<\/section>\n\t\t\t\t<section class=\"elementor-section elementor-top-section elementor-element elementor-element-7bda790 elementor-section-boxed elementor-section-height-default elementor-section-height-default\" data-id=\"7bda790\" data-element_type=\"section\" data-e-type=\"section\" data-settings=\"{&quot;background_background&quot;:&quot;classic&quot;}\">\n\t\t\t\t\t\t<div class=\"elementor-container elementor-column-gap-default\">\n\t\t\t\t\t<div class=\"elementor-column elementor-col-100 elementor-top-column elementor-element elementor-element-1b7a26ff\" data-id=\"1b7a26ff\" data-element_type=\"column\" data-e-type=\"column\">\n\t\t\t<div class=\"elementor-widget-wrap elementor-element-populated\">\n\t\t\t\t\t\t<div class=\"elementor-element elementor-element-b51553f elementor-widget elementor-widget-spacer\" data-id=\"b51553f\" data-element_type=\"widget\" data-e-type=\"widget\" data-widget_type=\"spacer.default\">\n\t\t\t\t<div class=\"elementor-widget-container\">\n\t\t\t\t\t\t\t<div class=\"elementor-spacer\">\n\t\t\t<div class=\"elementor-spacer-inner\"><\/div>\n\t\t<\/div>\n\t\t\t\t\t\t<\/div>\n\t\t\t\t<\/div>\n\t\t\t\t<div class=\"elementor-element elementor-element-530bec9 elementor-widget elementor-widget-text-editor\" data-id=\"530bec9\" data-element_type=\"widget\" data-e-type=\"widget\" data-widget_type=\"text-editor.default\">\n\t\t\t\t<div class=\"elementor-widget-container\">\n\t\t\t\t\t\t\t\t\t<p>Kivikonsultit Oy on vuonna 1982 perustettu yritys, joka on erikoistunut kallioreikien optiseen kuvantamiseen (OBI, Optical Borehole Imaging). Olemme tarjonneet asiakkaillemme obi-kuvauksia jo vuodesta 1990 l\u00e4htien. Yrityksemme vahvuutena on pitk\u00e4n ajan kokemus kalliotutkimusreikien kuvantamisessa ja tulosten rakennusgeologisessa tulkinnassa. Olemme merkitt\u00e4v\u00e4sti investoineet kalustomme ja ohjelmistomme kehitt\u00e4miseen. Tavoitteenamme on tarjota asiakkaillemme onnistuneita ja laadukkaita obi-kuvauksia sek\u00e4 hy\u00f6dynt\u00e4\u00e4 pitk\u00e4\u00e4 ammatillista osaamista ja kokemusta obi-kuvausten palveluntarjoajana.<\/p>\t\t\t\t\t\t\t\t<\/div>\n\t\t\t\t<\/div>\n\t\t\t\t<div class=\"elementor-element elementor-element-47f27c1 elementor-widget-divider--view-line elementor-widget elementor-widget-divider\" data-id=\"47f27c1\" data-element_type=\"widget\" data-e-type=\"widget\" data-widget_type=\"divider.default\">\n\t\t\t\t<div class=\"elementor-widget-container\">\n\t\t\t\t\t\t\t<div class=\"elementor-divider\">\n\t\t\t<span class=\"elementor-divider-separator\">\n\t\t\t\t\t\t<\/span>\n\t\t<\/div>\n\t\t\t\t\t\t<\/div>\n\t\t\t\t<\/div>\n\t\t\t\t<div class=\"elementor-element elementor-element-a659851 elementor-arrows-position-inside elementor-pagination-position-outside elementor-widget elementor-widget-image-carousel\" data-id=\"a659851\" data-element_type=\"widget\" data-e-type=\"widget\" data-settings=\"{&quot;slides_to_show&quot;:&quot;2&quot;,&quot;slides_to_scroll&quot;:&quot;1&quot;,&quot;autoplay_speed&quot;:3000,&quot;speed&quot;:1000,&quot;navigation&quot;:&quot;both&quot;,&quot;autoplay&quot;:&quot;yes&quot;,&quot;pause_on_hover&quot;:&quot;yes&quot;,&quot;pause_on_interaction&quot;:&quot;yes&quot;,&quot;infinite&quot;:&quot;yes&quot;}\" data-widget_type=\"image-carousel.default\">\n\t\t\t\t<div class=\"elementor-widget-container\">\n\t\t\t\t\t\t\t<div class=\"elementor-image-carousel-wrapper swiper\" role=\"region\" aria-roledescription=\"carousel\" aria-label=\"Kuvakaruselli\" dir=\"ltr\">\n\t\t\t<div class=\"elementor-image-carousel swiper-wrapper\" aria-live=\"off\">\n\t\t\t\t\t\t\t\t<div class=\"swiper-slide\" role=\"group\" aria-roledescription=\"slide\" aria-label=\"1 of 6\"><figure class=\"swiper-slide-inner\"><img decoding=\"async\" class=\"swiper-slide-image\" src=\"https:\/\/kivikonsultit.fi\/wp-content\/uploads\/2024\/11\/Maisema-300x300.jpg\" alt=\"Maisema\" \/><\/figure><\/div><div class=\"swiper-slide\" role=\"group\" aria-roledescription=\"slide\" aria-label=\"2 of 6\"><figure class=\"swiper-slide-inner\"><img decoding=\"async\" class=\"swiper-slide-image\" src=\"https:\/\/kivikonsultit.fi\/wp-content\/uploads\/2024\/11\/Kuva-vestisto-300x300.jpg\" alt=\"Kuva vestist\u00f6\" \/><\/figure><\/div><div class=\"swiper-slide\" role=\"group\" aria-roledescription=\"slide\" aria-label=\"3 of 6\"><figure class=\"swiper-slide-inner\"><img decoding=\"async\" class=\"swiper-slide-image\" src=\"https:\/\/kivikonsultit.fi\/wp-content\/uploads\/2024\/11\/Kuva-maastossa-300x300.jpg\" alt=\"Kuva maastossa\" \/><\/figure><\/div><div class=\"swiper-slide\" role=\"group\" aria-roledescription=\"slide\" aria-label=\"4 of 6\"><figure class=\"swiper-slide-inner\"><img decoding=\"async\" class=\"swiper-slide-image\" src=\"https:\/\/kivikonsultit.fi\/wp-content\/uploads\/2024\/11\/Kuva-kaupunki-300x300.jpg\" alt=\"Kuva kaupunki\" \/><\/figure><\/div><div class=\"swiper-slide\" role=\"group\" aria-roledescription=\"slide\" aria-label=\"5 of 6\"><figure class=\"swiper-slide-inner\"><img decoding=\"async\" class=\"swiper-slide-image\" src=\"https:\/\/kivikonsultit.fi\/wp-content\/uploads\/2024\/11\/20191106_090114-300x300.jpg\" alt=\"20191106_090114\" \/><\/figure><\/div><div class=\"swiper-slide\" role=\"group\" aria-roledescription=\"slide\" aria-label=\"6 of 6\"><figure class=\"swiper-slide-inner\"><img decoding=\"async\" class=\"swiper-slide-image\" src=\"https:\/\/kivikonsultit.fi\/wp-content\/uploads\/2024\/11\/2022-07-05-12.19.42-300x300.jpg\" alt=\"2022-07-05 12.19.42\" \/><\/figure><\/div>\t\t\t<\/div>\n\t\t\t\t\t\t\t\t\t\t\t\t<div class=\"elementor-swiper-button elementor-swiper-button-prev\" role=\"button\" tabindex=\"0\">\n\t\t\t\t\t\t<i aria-hidden=\"true\" class=\"eicon-chevron-left\"><\/i>\t\t\t\t\t<\/div>\n\t\t\t\t\t<div class=\"elementor-swiper-button elementor-swiper-button-next\" role=\"button\" tabindex=\"0\">\n\t\t\t\t\t\t<i aria-hidden=\"true\" class=\"eicon-chevron-right\"><\/i>\t\t\t\t\t<\/div>\n\t\t\t\t\n\t\t\t\t\t\t\t\t\t<div class=\"swiper-pagination\"><\/div>\n\t\t\t\t\t\t\t\t\t<\/div>\n\t\t\t\t\t\t<\/div>\n\t\t\t\t<\/div>\n\t\t\t\t<div class=\"elementor-element elementor-element-97494ea elementor-widget-divider--view-line elementor-widget elementor-widget-divider\" data-id=\"97494ea\" data-element_type=\"widget\" data-e-type=\"widget\" data-widget_type=\"divider.default\">\n\t\t\t\t<div class=\"elementor-widget-container\">\n\t\t\t\t\t\t\t<div class=\"elementor-divider\">\n\t\t\t<span class=\"elementor-divider-separator\">\n\t\t\t\t\t\t<\/span>\n\t\t<\/div>\n\t\t\t\t\t\t<\/div>\n\t\t\t\t<\/div>\n\t\t\t\t<div class=\"elementor-element elementor-element-8d7e45e elementor-widget elementor-widget-spacer\" data-id=\"8d7e45e\" data-element_type=\"widget\" data-e-type=\"widget\" data-widget_type=\"spacer.default\">\n\t\t\t\t<div class=\"elementor-widget-container\">\n\t\t\t\t\t\t\t<div class=\"elementor-spacer\">\n\t\t\t<div class=\"elementor-spacer-inner\"><\/div>\n\t\t<\/div>\n\t\t\t\t\t\t<\/div>\n\t\t\t\t<\/div>\n\t\t\t\t\t<\/div>\n\t\t<\/div>\n\t\t\t\t\t<\/div>\n\t\t<\/section>\n\t\t\t\t<section class=\"elementor-section elementor-top-section elementor-element elementor-element-fca9dfa elementor-section-boxed elementor-section-height-default elementor-section-height-default\" data-id=\"fca9dfa\" data-element_type=\"section\" data-e-type=\"section\">\n\t\t\t\t\t\t<div class=\"elementor-container elementor-column-gap-default\">\n\t\t\t\t\t<div class=\"elementor-column elementor-col-100 elementor-top-column elementor-element elementor-element-77985d8\" data-id=\"77985d8\" data-element_type=\"column\" data-e-type=\"column\">\n\t\t\t<div class=\"elementor-widget-wrap elementor-element-populated\">\n\t\t\t\t\t\t<div class=\"elementor-element elementor-element-3490157 elementor-widget elementor-widget-spacer\" data-id=\"3490157\" data-element_type=\"widget\" data-e-type=\"widget\" data-widget_type=\"spacer.default\">\n\t\t\t\t<div class=\"elementor-widget-container\">\n\t\t\t\t\t\t\t<div class=\"elementor-spacer\">\n\t\t\t<div class=\"elementor-spacer-inner\"><\/div>\n\t\t<\/div>\n\t\t\t\t\t\t<\/div>\n\t\t\t\t<\/div>\n\t\t\t\t<div class=\"elementor-element elementor-element-08122a9 elementor-widget elementor-widget-text-editor\" data-id=\"08122a9\" data-element_type=\"widget\" data-e-type=\"widget\" data-widget_type=\"text-editor.default\">\n\t\t\t\t<div class=\"elementor-widget-container\">\n\t\t\t\t\t\t\t\t\t<h3><strong>Kivikonsultit Oy<\/strong><\/h3><p>Seilikuja 2a, 02180 Espoo<\/p><p>Y-tunnus 0486863-2<\/p><p><span style=\"font-style: inherit; font-weight: inherit; background-color: var(--ast-global-color-4); color: var(--ast-global-color-3);\">Jari Ik\u00e4valko<\/span><\/p><p>+358503207583<\/p><p>jari.ikavalko@kivikonsultit.fi<\/p>\t\t\t\t\t\t\t\t<\/div>\n\t\t\t\t<\/div>\n\t\t\t\t<div class=\"elementor-element elementor-element-921bdf5 elementor-widget elementor-widget-spacer\" data-id=\"921bdf5\" data-element_type=\"widget\" data-e-type=\"widget\" data-widget_type=\"spacer.default\">\n\t\t\t\t<div class=\"elementor-widget-container\">\n\t\t\t\t\t\t\t<div class=\"elementor-spacer\">\n\t\t\t<div class=\"elementor-spacer-inner\"><\/div>\n\t\t<\/div>\n\t\t\t\t\t\t<\/div>\n\t\t\t\t<\/div>\n\t\t\t\t\t<\/div>\n\t\t<\/div>\n\t\t\t\t\t<\/div>\n\t\t<\/section>\n\t\t\t\t<\/div>\n\t\t","protected":false},"excerpt":{"rendered":"<p>Kivikonsultit oy Kivikonsultit Oy on vuonna 1982 perustettu yritys, joka on erikoistunut kallioreikien optiseen kuvantamiseen (OBI, Optical Borehole Imaging). Olemme tarjonneet asiakkaillemme obi-kuvauksia jo vuodesta 1990 l\u00e4htien. Yrityksemme vahvuutena on pitk\u00e4n ajan kokemus kalliotutkimusreikien kuvantamisessa ja tulosten rakennusgeologisessa tulkinnassa. Olemme merkitt\u00e4v\u00e4sti investoineet kalustomme ja ohjelmistomme kehitt\u00e4miseen. Tavoitteenamme on tarjota asiakkaillemme onnistuneita ja laadukkaita obi-kuvauksia sek\u00e4 &hellip;<\/p>\n<p class=\"read-more\"> <a class=\"\" href=\"https:\/\/kivikonsultit.fi\/\"> <span class=\"screen-reader-text\">Home<\/span> Lue lis\u00e4\u00e4 &raquo;<\/a><\/p>\n","protected":false},"author":1,"featured_media":0,"parent":0,"menu_order":0,"comment_status":"closed","ping_status":"closed","template":"","meta":{"site-sidebar-layout":"no-sidebar","site-content-layout":"page-builder","ast-global-header-display":"","ast-main-header-display":"","ast-hfb-above-header-display":"","ast-hfb-below-header-display":"","ast-hfb-mobile-header-display":"","site-post-title":"disabled","ast-breadcrumbs-content":"","ast-featured-img":"disabled","footer-sml-layout":"","theme-transparent-header-meta":"enabled","adv-header-id-meta":"","stick-header-meta":"","header-above-stick-meta":"","header-main-stick-meta":"","header-below-stick-meta":"","footnotes":""},"class_list":["post-25066","page","type-page","status-publish","hentry"],"yoast_head":"<!-- This site is optimized with the Yoast SEO plugin v27.4 - https:\/\/yoast.com\/product\/yoast-seo-wordpress\/ -->\n<title>Home -<\/title>\n<meta name=\"robots\" content=\"index, follow, max-snippet:-1, max-image-preview:large, max-video-preview:-1\" \/>\n<link rel=\"canonical\" href=\"https:\/\/kivikonsultit.fi\/\" \/>\n<meta property=\"og:locale\" content=\"fi_FI\" \/>\n<meta property=\"og:type\" content=\"article\" \/>\n<meta property=\"og:title\" content=\"Home -\" \/>\n<meta property=\"og:description\" content=\"Kivikonsultit oy Kivikonsultit Oy on vuonna 1982 perustettu yritys, joka on erikoistunut kallioreikien optiseen kuvantamiseen (OBI, Optical Borehole Imaging). Olemme tarjonneet asiakkaillemme obi-kuvauksia jo vuodesta 1990 l\u00e4htien. Yrityksemme vahvuutena on pitk\u00e4n ajan kokemus kalliotutkimusreikien kuvantamisessa ja tulosten rakennusgeologisessa tulkinnassa. Olemme merkitt\u00e4v\u00e4sti investoineet kalustomme ja ohjelmistomme kehitt\u00e4miseen. Tavoitteenamme on tarjota asiakkaillemme onnistuneita ja laadukkaita obi-kuvauksia sek\u00e4 &hellip; Home Lue lis\u00e4\u00e4 &raquo;\" \/>\n<meta property=\"og:url\" content=\"https:\/\/kivikonsultit.fi\/\" \/>\n<meta property=\"article:modified_time\" content=\"2024-11-05T06:36:50+00:00\" \/>\n<meta property=\"og:image\" content=\"https:\/\/kivikonsultit.fi\/wp-content\/uploads\/2024\/11\/Maisema-300x300.jpg\" \/>\n<meta name=\"twitter:card\" content=\"summary_large_image\" \/>\n<meta name=\"twitter:label1\" content=\"Arvioitu lukuaika\" \/>\n\t<meta name=\"twitter:data1\" content=\"3 minuuttia\" \/>\n<script type=\"application\/ld+json\" class=\"yoast-schema-graph\">{\"@context\":\"https:\\\/\\\/schema.org\",\"@graph\":[{\"@type\":\"WebPage\",\"@id\":\"https:\\\/\\\/kivikonsultit.fi\\\/\",\"url\":\"https:\\\/\\\/kivikonsultit.fi\\\/\",\"name\":\"Home -\",\"isPartOf\":{\"@id\":\"https:\\\/\\\/kivikonsultit.fi\\\/#website\"},\"primaryImageOfPage\":{\"@id\":\"https:\\\/\\\/kivikonsultit.fi\\\/#primaryimage\"},\"image\":{\"@id\":\"https:\\\/\\\/kivikonsultit.fi\\\/#primaryimage\"},\"thumbnailUrl\":\"https:\\\/\\\/kivikonsultit.fi\\\/wp-content\\\/uploads\\\/2024\\\/11\\\/Maisema-300x300.jpg\",\"datePublished\":\"2018-11-19T19:50:38+00:00\",\"dateModified\":\"2024-11-05T06:36:50+00:00\",\"breadcrumb\":{\"@id\":\"https:\\\/\\\/kivikonsultit.fi\\\/#breadcrumb\"},\"inLanguage\":\"fi\",\"potentialAction\":[{\"@type\":\"ReadAction\",\"target\":[\"https:\\\/\\\/kivikonsultit.fi\\\/\"]}]},{\"@type\":\"ImageObject\",\"inLanguage\":\"fi\",\"@id\":\"https:\\\/\\\/kivikonsultit.fi\\\/#primaryimage\",\"url\":\"https:\\\/\\\/kivikonsultit.fi\\\/wp-content\\\/uploads\\\/2024\\\/11\\\/Maisema-scaled.jpg\",\"contentUrl\":\"https:\\\/\\\/kivikonsultit.fi\\\/wp-content\\\/uploads\\\/2024\\\/11\\\/Maisema-scaled.jpg\",\"width\":2560,\"height\":1244},{\"@type\":\"BreadcrumbList\",\"@id\":\"https:\\\/\\\/kivikonsultit.fi\\\/#breadcrumb\",\"itemListElement\":[{\"@type\":\"ListItem\",\"position\":1,\"name\":\"Home\",\"item\":\"https:\\\/\\\/kivikonsultit.fi\\\/\"},{\"@type\":\"ListItem\",\"position\":2,\"name\":\"Home\"}]},{\"@type\":\"WebSite\",\"@id\":\"https:\\\/\\\/kivikonsultit.fi\\\/#website\",\"url\":\"https:\\\/\\\/kivikonsultit.fi\\\/\",\"name\":\"\",\"description\":\"kallioreikien OBI-kuvaukset\",\"potentialAction\":[{\"@type\":\"SearchAction\",\"target\":{\"@type\":\"EntryPoint\",\"urlTemplate\":\"https:\\\/\\\/kivikonsultit.fi\\\/?s={search_term_string}\"},\"query-input\":{\"@type\":\"PropertyValueSpecification\",\"valueRequired\":true,\"valueName\":\"search_term_string\"}}],\"inLanguage\":\"fi\"}]}<\/script>\n<!-- \/ Yoast SEO plugin. -->","yoast_head_json":{"title":"Home -","robots":{"index":"index","follow":"follow","max-snippet":"max-snippet:-1","max-image-preview":"max-image-preview:large","max-video-preview":"max-video-preview:-1"},"canonical":"https:\/\/kivikonsultit.fi\/","og_locale":"fi_FI","og_type":"article","og_title":"Home -","og_description":"Kivikonsultit oy Kivikonsultit Oy on vuonna 1982 perustettu yritys, joka on erikoistunut kallioreikien optiseen kuvantamiseen (OBI, Optical Borehole Imaging). Olemme tarjonneet asiakkaillemme obi-kuvauksia jo vuodesta 1990 l\u00e4htien. Yrityksemme vahvuutena on pitk\u00e4n ajan kokemus kalliotutkimusreikien kuvantamisessa ja tulosten rakennusgeologisessa tulkinnassa. Olemme merkitt\u00e4v\u00e4sti investoineet kalustomme ja ohjelmistomme kehitt\u00e4miseen. Tavoitteenamme on tarjota asiakkaillemme onnistuneita ja laadukkaita obi-kuvauksia sek\u00e4 &hellip; Home Lue lis\u00e4\u00e4 &raquo;","og_url":"https:\/\/kivikonsultit.fi\/","article_modified_time":"2024-11-05T06:36:50+00:00","og_image":[{"url":"https:\/\/kivikonsultit.fi\/wp-content\/uploads\/2024\/11\/Maisema-300x300.jpg","type":"","width":"","height":""}],"twitter_card":"summary_large_image","twitter_misc":{"Arvioitu lukuaika":"3 minuuttia"},"schema":{"@context":"https:\/\/schema.org","@graph":[{"@type":"WebPage","@id":"https:\/\/kivikonsultit.fi\/","url":"https:\/\/kivikonsultit.fi\/","name":"Home -","isPartOf":{"@id":"https:\/\/kivikonsultit.fi\/#website"},"primaryImageOfPage":{"@id":"https:\/\/kivikonsultit.fi\/#primaryimage"},"image":{"@id":"https:\/\/kivikonsultit.fi\/#primaryimage"},"thumbnailUrl":"https:\/\/kivikonsultit.fi\/wp-content\/uploads\/2024\/11\/Maisema-300x300.jpg","datePublished":"2018-11-19T19:50:38+00:00","dateModified":"2024-11-05T06:36:50+00:00","breadcrumb":{"@id":"https:\/\/kivikonsultit.fi\/#breadcrumb"},"inLanguage":"fi","potentialAction":[{"@type":"ReadAction","target":["https:\/\/kivikonsultit.fi\/"]}]},{"@type":"ImageObject","inLanguage":"fi","@id":"https:\/\/kivikonsultit.fi\/#primaryimage","url":"https:\/\/kivikonsultit.fi\/wp-content\/uploads\/2024\/11\/Maisema-scaled.jpg","contentUrl":"https:\/\/kivikonsultit.fi\/wp-content\/uploads\/2024\/11\/Maisema-scaled.jpg","width":2560,"height":1244},{"@type":"BreadcrumbList","@id":"https:\/\/kivikonsultit.fi\/#breadcrumb","itemListElement":[{"@type":"ListItem","position":1,"name":"Home","item":"https:\/\/kivikonsultit.fi\/"},{"@type":"ListItem","position":2,"name":"Home"}]},{"@type":"WebSite","@id":"https:\/\/kivikonsultit.fi\/#website","url":"https:\/\/kivikonsultit.fi\/","name":"","description":"kallioreikien OBI-kuvaukset","potentialAction":[{"@type":"SearchAction","target":{"@type":"EntryPoint","urlTemplate":"https:\/\/kivikonsultit.fi\/?s={search_term_string}"},"query-input":{"@type":"PropertyValueSpecification","valueRequired":true,"valueName":"search_term_string"}}],"inLanguage":"fi"}]}},"_links":{"self":[{"href":"https:\/\/kivikonsultit.fi\/index.php?rest_route=\/wp\/v2\/pages\/25066","targetHints":{"allow":["GET"]}}],"collection":[{"href":"https:\/\/kivikonsultit.fi\/index.php?rest_route=\/wp\/v2\/pages"}],"about":[{"href":"https:\/\/kivikonsultit.fi\/index.php?rest_route=\/wp\/v2\/types\/page"}],"author":[{"embeddable":true,"href":"https:\/\/kivikonsultit.fi\/index.php?rest_route=\/wp\/v2\/users\/1"}],"replies":[{"embeddable":true,"href":"https:\/\/kivikonsultit.fi\/index.php?rest_route=%2Fwp%2Fv2%2Fcomments&post=25066"}],"version-history":[{"count":335,"href":"https:\/\/kivikonsultit.fi\/index.php?rest_route=\/wp\/v2\/pages\/25066\/revisions"}],"predecessor-version":[{"id":25942,"href":"https:\/\/kivikonsultit.fi\/index.php?rest_route=\/wp\/v2\/pages\/25066\/revisions\/25942"}],"wp:attachment":[{"href":"https:\/\/kivikonsultit.fi\/index.php?rest_route=%2Fwp%2Fv2%2Fmedia&parent=25066"}],"curies":[{"name":"wp","href":"https:\/\/api.w.org\/{rel}","templated":true}]}}